{"id":3342,"date":"2021-07-16T13:28:53","date_gmt":"2021-07-16T10:28:53","guid":{"rendered":"https:\/\/kopimanija.lt\/ru\/?page_id=3342"},"modified":"2022-08-14T13:05:32","modified_gmt":"2022-08-14T10:05:32","slug":"kepki-pechat-na-kepke-kopimanija-vilnius-ru","status":"publish","type":"page","link":"https:\/\/kopimanija.lt\/ru\/pechat-raspechatka-kopirovanie-pechat-na-tekstile-pechat-fotografii-foto-na-dokumenty-kopimanija-vilnius-ru\/pechat-na-tekstile-tkani-pechat-na-futbolke-dzempere-hoodi-sumke-kepke-kruzke-chashke-termose-kopimanija-vilnius-ru\/kepki-pechat-na-kepke-kopimanija-vilnius-ru\/","title":{"rendered":"\u041a\u0435\u043f\u043a\u0438 | \u041f\u0435\u0447\u0430\u0442\u044c \u043d\u0430 \u043a\u0435\u043f\u043a\u0435 | Kopimanija | \u0412\u0438\u043b\u044c\u043d\u044e\u0441"},"content":{"rendered":"\n\t<div id=\"text-2582709397\" class=\"text\">\n\t\t\n\n<h2 class=\"uppercase\"><strong>Kepur\u0117l\u0117s<\/strong><\/h2>\n\t\t\n<style>\n#text-2582709397 {\n  font-size: 1rem;\n  line-height: 0.75;\n  text-align: left;\n}\n@media (min-width:550px) {\n  #text-2582709397 {\n    font-size: 0.75rem;\n  }\n}\n<\/style>\n\t<\/div>\n\t\n\t<div id=\"text-812724213\" class=\"text\">\n\t\t\n\n<p><strong>Spauda ant kepur\u0117li\u0173: \u00abLong Beach\u00bb, \u00abBubble\u00bb<\/strong><\/p>\n\t\t\n<style>\n#text-812724213 {\n  font-size: 0.85rem;\n}\n<\/style>\n\t<\/div>\n\t\n<div class=\"row row-small\"  id=\"row-1081921051\">\n\n\n\t<div id=\"col-859570542\" class=\"col medium-3 small-6 large-3\"  >\n\t\t\t\t<div class=\"col-inner box-shadow-1-hover\"  >\n\t\t\t\n\t\t\t\n\n\t<div id=\"text-3556027074\" class=\"text\">\n\t\t\n\n<h3 class=\"thin-font\"><span style=\"font-size: 90%;\"><strong>\u00abLong beach\u00bb<\/strong><\/span><\/h3>\n\t\t\n<style>\n#text-3556027074 {\n  font-size: 1rem;\n  line-height: 0.75;\n  text-align: center;\n}\n@media (min-width:850px) {\n  #text-3556027074 {\n    font-size: 1rem;\n    line-height: 1;\n    text-align: center;\n  }\n}\n<\/style>\n\t<\/div>\n\t\n\t<div class=\"img has-hover x md-x lg-x y md-y lg-y\" id=\"image_459297820\">\n\t\t<a class=\"\" href=\"https:\/\/kopimanija.lt\/ru\/product\/long-beach-kopimanija-ru\/\" >\t\t\t\t\t\t<div class=\"img-inner image-cover dark\" style=\"padding-top:330px;\">\n\t\t\t<img loading=\"lazy\" decoding=\"async\" width=\"1020\" height=\"630\" src=\"https:\/\/kopimanija.lt\/ru\/wp-content\/uploads\/sites\/4\/2021\/07\/kopimanija-long-beach-312A-1295x800.jpg\" class=\"attachment-large size-large\" alt=\"kopimanija-long-beach-312A\" srcset=\"https:\/\/kopimanija.lt\/ru\/wp-content\/uploads\/sites\/4\/2021\/07\/kopimanija-long-beach-312A-1295x800.jpg 1295w, https:\/\/kopimanija.lt\/ru\/wp-content\/uploads\/sites\/4\/2021\/07\/kopimanija-long-beach-312A-600x371.jpg 600w, https:\/\/kopimanija.lt\/ru\/wp-content\/uploads\/sites\/4\/2021\/07\/kopimanija-long-beach-312A-647x400.jpg 647w, https:\/\/kopimanija.lt\/ru\/wp-content\/uploads\/sites\/4\/2021\/07\/kopimanija-long-beach-312A-768x475.jpg 768w, https:\/\/kopimanija.lt\/ru\/wp-content\/uploads\/sites\/4\/2021\/07\/kopimanija-long-beach-312A-1536x949.jpg 1536w, https:\/\/kopimanija.lt\/ru\/wp-content\/uploads\/sites\/4\/2021\/07\/kopimanija-long-beach-312A.jpg 1900w\" sizes=\"auto, (max-width: 1020px) 100vw, 1020px\" \/>\t\t\t\t\t\t\n\t\t\t\t\t<\/div>\n\t\t\t\t\t\t<\/a>\t\t\n<style>\n#image_459297820 {\n  width: 93%;\n}\n@media (min-width:550px) {\n  #image_459297820 {\n    width: 93%;\n  }\n}\n@media (min-width:850px) {\n  #image_459297820 {\n    width: 93%;\n  }\n}\n<\/style>\n\t<\/div>\n\t\n\n\t<div id=\"text-3413791171\" class=\"text\">\n\t\t\n\n<p><strong>KOKYB\u0116 &#8212; 100% \u0161iau\u0161ta sunki medviln\u0117 &#8212; 100% \u0161iau\u0161ta sunki medviln\u0117 &#8212; 260 g\/m2 &#8212;\nSuformuotas snapelis &#8212; 4 apsi\u016bti ventiliaciniai ply\u0161eliai &#8212; Reguliuojama metaline sagtimi.<\/strong><\/p>\n\t\t\n<style>\n#text-3413791171 {\n  font-size: 0.75rem;\n  line-height: 1.25;\n  text-align: center;\n}\n@media (min-width:550px) {\n  #text-3413791171 {\n    font-size: 0.85rem;\n    line-height: 1.25;\n  }\n}\n<\/style>\n\t<\/div>\n\t\n\n\t\t<\/div>\n\t\t\t\t\t<\/div>\n\n\t\n\n\t<div id=\"col-1779524170\" class=\"col medium-3 small-6 large-3\"  >\n\t\t\t\t<div class=\"col-inner box-shadow-1-hover\"  >\n\t\t\t\n\t\t\t\n\n\t<div id=\"text-3401905395\" class=\"text\">\n\t\t\n\n<h3 class=\"thin-font\"><span style=\"font-size: 90%;\"><strong>\u00abBubble\u00bb<\/strong><\/span><\/h3>\n\t\t\n<style>\n#text-3401905395 {\n  font-size: 1rem;\n  line-height: 0.75;\n  text-align: center;\n}\n@media (min-width:850px) {\n  #text-3401905395 {\n    font-size: 1rem;\n    line-height: 1;\n    text-align: center;\n  }\n}\n<\/style>\n\t<\/div>\n\t\n\t<div class=\"img has-hover x md-x lg-x y md-y lg-y\" id=\"image_1750164026\">\n\t\t<a class=\"\" href=\"https:\/\/kopimanija.lt\/ru\/product\/bubble-kopimanija-ru\/\" >\t\t\t\t\t\t<div class=\"img-inner image-cover dark\" style=\"padding-top:330px;\">\n\t\t\t<img loading=\"lazy\" decoding=\"async\" width=\"1020\" height=\"630\" src=\"https:\/\/kopimanija.lt\/ru\/wp-content\/uploads\/sites\/4\/2021\/07\/kopimanija-kepky-bubble-989A-1295x800.jpg\" class=\"attachment-large size-large\" alt=\"kopimanija-bubble-989A\" srcset=\"https:\/\/kopimanija.lt\/ru\/wp-content\/uploads\/sites\/4\/2021\/07\/kopimanija-kepky-bubble-989A-1295x800.jpg 1295w, https:\/\/kopimanija.lt\/ru\/wp-content\/uploads\/sites\/4\/2021\/07\/kopimanija-kepky-bubble-989A-600x371.jpg 600w, https:\/\/kopimanija.lt\/ru\/wp-content\/uploads\/sites\/4\/2021\/07\/kopimanija-kepky-bubble-989A-647x400.jpg 647w, https:\/\/kopimanija.lt\/ru\/wp-content\/uploads\/sites\/4\/2021\/07\/kopimanija-kepky-bubble-989A-768x475.jpg 768w, https:\/\/kopimanija.lt\/ru\/wp-content\/uploads\/sites\/4\/2021\/07\/kopimanija-kepky-bubble-989A-1536x949.jpg 1536w, https:\/\/kopimanija.lt\/ru\/wp-content\/uploads\/sites\/4\/2021\/07\/kopimanija-kepky-bubble-989A.jpg 1900w\" sizes=\"auto, (max-width: 1020px) 100vw, 1020px\" \/>\t\t\t\t\t\t\n\t\t\t\t\t<\/div>\n\t\t\t\t\t\t<\/a>\t\t\n<style>\n#image_1750164026 {\n  width: 100%;\n}\n@media (min-width:550px) {\n  #image_1750164026 {\n    width: 100%;\n  }\n}\n@media (min-width:850px) {\n  #image_1750164026 {\n    width: 100%;\n  }\n}\n<\/style>\n\t<\/div>\n\t\n\n\t<div id=\"text-1919998030\" class=\"text\">\n\t\t\n\n<p><strong>KOKYB\u0116 &#8212; 100% poliesterio priekin\u0117 panel\u0117 (5 mm sutvirtinimas putomis) &amp; snapelis (3 mm sutvirtinimas\nputomis) &#8212; 160 g\/m2 &#8212; 100% poliesterio tinklelis &#8212; Reguliuojamas plastikiniu segimu. <\/strong><\/p>\n\t\t\n<style>\n#text-1919998030 {\n  font-size: 0.75rem;\n  line-height: 1.25;\n  text-align: center;\n}\n@media (min-width:550px) {\n  #text-1919998030 {\n    font-size: 0.85rem;\n    line-height: 1.25;\n  }\n}\n<\/style>\n\t<\/div>\n\t\n\n\t\t<\/div>\n\t\t\t\t\t<\/div>\n\n\t\n\n<\/div>\n\n","protected":false},"excerpt":{"rendered":"","protected":false},"author":1,"featured_media":0,"parent":3200,"menu_order":0,"comment_status":"closed","ping_status":"closed","template":"","meta":{"footnotes":""},"class_list":["post-3342","page","type-page","status-publish","hentry"],"_links":{"self":[{"href":"https:\/\/kopimanija.lt\/ru\/wp-json\/wp\/v2\/pages\/3342","targetHints":{"allow":["GET"]}}],"collection":[{"href":"https:\/\/kopimanija.lt\/ru\/wp-json\/wp\/v2\/pages"}],"about":[{"href":"https:\/\/kopimanija.lt\/ru\/wp-json\/wp\/v2\/types\/page"}],"author":[{"embeddable":true,"href":"https:\/\/kopimanija.lt\/ru\/wp-json\/wp\/v2\/users\/1"}],"replies":[{"embeddable":true,"href":"https:\/\/kopimanija.lt\/ru\/wp-json\/wp\/v2\/comments?post=3342"}],"version-history":[{"count":0,"href":"https:\/\/kopimanija.lt\/ru\/wp-json\/wp\/v2\/pages\/3342\/revisions"}],"up":[{"embeddable":true,"href":"https:\/\/kopimanija.lt\/ru\/wp-json\/wp\/v2\/pages\/3200"}],"wp:attachment":[{"href":"https:\/\/kopimanija.lt\/ru\/wp-json\/wp\/v2\/media?parent=3342"}],"curies":[{"name":"wp","href":"https:\/\/api.w.org\/{rel}","templated":true}]}}