{"id":3336,"date":"2021-07-16T13:23:04","date_gmt":"2021-07-16T10:23:04","guid":{"rendered":"https:\/\/kopimanija.lt\/ru\/?page_id=3336"},"modified":"2022-08-14T13:02:53","modified_gmt":"2022-08-14T10:02:53","slug":"pechat-na-detskoi-odezde-kopimanija-vilnius-ru","status":"publish","type":"page","link":"https:\/\/kopimanija.lt\/ru\/pechat-raspechatka-kopirovanie-pechat-na-tekstile-pechat-fotografii-foto-na-dokumenty-kopimanija-vilnius-ru\/pechat-na-tekstile-tkani-pechat-na-futbolke-dzempere-hoodi-sumke-kepke-kruzke-chashke-termose-kopimanija-vilnius-ru\/pechat-na-detskoi-odezde-kopimanija-vilnius-ru\/","title":{"rendered":"\u041f\u0435\u0447\u0430\u0442\u044c \u043d\u0430 \u0434\u0435\u0442\u0441\u043a\u043e\u0439 \u043e\u0434\u0435\u0436\u0434\u0435 | Kopimanija | \u0412\u0438\u043b\u044c\u043d\u044e\u0441"},"content":{"rendered":"\n\t<div id=\"text-1041453615\" class=\"text\">\n\t\t\n\n<h2 class=\"uppercase\"><strong>Viakams<\/strong><\/h2>\n\t\t\n<style>\n#text-1041453615 {\n  font-size: 1rem;\n  line-height: 0.75;\n  text-align: left;\n}\n@media (min-width:550px) {\n  #text-1041453615 {\n    font-size: 0.75rem;\n  }\n}\n<\/style>\n\t<\/div>\n\t\n\t<div id=\"text-2619410200\" class=\"text\">\n\t\t\n\n<p><strong>Spauda ant vaiki\u0161k\u0173 bod\u017eiuk\u0173, sm\u0117linuk\u0173: \u00abBambino\u00bb. Spauda ant vaiki\u0161k\u0173 mar\u0161kin\u0117li\u0173: \u00abImperial\u00bb, Imperial LSL\u00bb, \u00abRegent\u00bb kids. Spauda ant vaiki\u0161k\u0173 d\u017eemperi\u0173: \u00abSlam\u00bb, \u00abNew supreme\u00bb kids<\/strong><\/p>\n\t\t\n<style>\n#text-2619410200 {\n  font-size: 0.85rem;\n}\n<\/style>\n\t<\/div>\n\t\n<div class=\"row row-small\"  id=\"row-133400656\">\n\n\n\t<div id=\"col-1574661722\" class=\"col medium-3 small-6 large-3\"  >\n\t\t\t\t<div class=\"col-inner box-shadow-1-hover\"  >\n\t\t\t\n\t\t\t\n\n\t<div id=\"text-807142025\" class=\"text\">\n\t\t\n\n<h3 class=\"thin-font\"><span style=\"font-size: 90%;\"><strong>\u00abBambino\u00bb<\/strong><\/span><\/h3>\n\t\t\n<style>\n#text-807142025 {\n  font-size: 1rem;\n  line-height: 0.75;\n  text-align: center;\n}\n@media (min-width:850px) {\n  #text-807142025 {\n    font-size: 1rem;\n    line-height: 1;\n    text-align: center;\n  }\n}\n<\/style>\n\t<\/div>\n\t\n\t<div class=\"img has-hover x md-x lg-x y md-y lg-y\" id=\"image_1741084055\">\n\t\t<a class=\"\" href=\"https:\/\/kopimanija.lt\/ru\/product\/bambino-kopimanija-ru\/\" >\t\t\t\t\t\t<div class=\"img-inner image-cover dark\" style=\"padding-top:330px;\">\n\t\t\t<img loading=\"lazy\" decoding=\"async\" width=\"800\" height=\"800\" src=\"https:\/\/kopimanija.lt\/ru\/wp-content\/uploads\/sites\/4\/2021\/07\/kopimanija-vaikams-bambino-350A-800x800.jpg\" class=\"attachment-large size-large\" alt=\"kopimanija-vaikams-bambino-350A\" srcset=\"https:\/\/kopimanija.lt\/ru\/wp-content\/uploads\/sites\/4\/2021\/07\/kopimanija-vaikams-bambino-350A-800x800.jpg 800w, https:\/\/kopimanija.lt\/ru\/wp-content\/uploads\/sites\/4\/2021\/07\/kopimanija-vaikams-bambino-350A-600x600.jpg 600w, https:\/\/kopimanija.lt\/ru\/wp-content\/uploads\/sites\/4\/2021\/07\/kopimanija-vaikams-bambino-350A-100x100.jpg 100w, https:\/\/kopimanija.lt\/ru\/wp-content\/uploads\/sites\/4\/2021\/07\/kopimanija-vaikams-bambino-350A-400x400.jpg 400w, https:\/\/kopimanija.lt\/ru\/wp-content\/uploads\/sites\/4\/2021\/07\/kopimanija-vaikams-bambino-350A-280x280.jpg 280w, https:\/\/kopimanija.lt\/ru\/wp-content\/uploads\/sites\/4\/2021\/07\/kopimanija-vaikams-bambino-350A-768x768.jpg 768w, https:\/\/kopimanija.lt\/ru\/wp-content\/uploads\/sites\/4\/2021\/07\/kopimanija-vaikams-bambino-350A-1536x1536.jpg 1536w, https:\/\/kopimanija.lt\/ru\/wp-content\/uploads\/sites\/4\/2021\/07\/kopimanija-vaikams-bambino-350A.jpg 1900w\" sizes=\"auto, (max-width: 800px) 100vw, 800px\" \/>\t\t\t\t\t\t\n\t\t\t\t\t<\/div>\n\t\t\t\t\t\t<\/a>\t\t\n<style>\n#image_1741084055 {\n  width: 93%;\n}\n@media (min-width:550px) {\n  #image_1741084055 {\n    width: 93%;\n  }\n}\n@media (min-width:850px) {\n  #image_1741084055 {\n    width: 93%;\n  }\n}\n<\/style>\n\t<\/div>\n\t\n\n\t<div id=\"text-3789131439\" class=\"text\">\n\t\t\n\n<p><strong>KOKYB\u0116 &#8212; 180 PYNIMAS 1X1 &#8212; 100% \u0161ukuotin\u0117 medviln\u0117. Dyd\u017eiai: 3-23 m\u0117n.<\/strong><\/p>\n\t\t\n<style>\n#text-3789131439 {\n  font-size: 0.75rem;\n  line-height: 1.25;\n  text-align: center;\n}\n@media (min-width:550px) {\n  #text-3789131439 {\n    font-size: 0.85rem;\n    line-height: 1.25;\n  }\n}\n<\/style>\n\t<\/div>\n\t\n\n\t\t<\/div>\n\t\t\t\t\t<\/div>\n\n\t\n\n\t<div id=\"col-108229714\" class=\"col medium-3 small-6 large-3\"  >\n\t\t\t\t<div class=\"col-inner box-shadow-1-hover\"  >\n\t\t\t\n\t\t\t\n\n\t<div id=\"text-3572731742\" class=\"text\">\n\t\t\n\n<h3 class=\"thin-font\"><span style=\"font-size: 90%;\"><strong>\u00abImperial\u00bb kids<\/strong><\/span><\/h3>\n\t\t\n<style>\n#text-3572731742 {\n  font-size: 1rem;\n  line-height: 0.75;\n  text-align: center;\n}\n@media (min-width:850px) {\n  #text-3572731742 {\n    font-size: 1rem;\n    line-height: 1;\n    text-align: center;\n  }\n}\n<\/style>\n\t<\/div>\n\t\n\t<div class=\"img has-hover x md-x lg-x y md-y lg-y\" id=\"image_60522092\">\n\t\t<a class=\"\" href=\"https:\/\/kopimanija.lt\/ru\/product\/imperial-kids\/\" >\t\t\t\t\t\t<div class=\"img-inner image-cover dark\" style=\"padding-top:330px;\">\n\t\t\t<img loading=\"lazy\" decoding=\"async\" width=\"712\" height=\"800\" src=\"https:\/\/kopimanija.lt\/ru\/wp-content\/uploads\/sites\/4\/2021\/07\/kopimanija-imperial-kids-137A-712x800.jpg\" class=\"attachment-large size-large\" alt=\"kopimanija-imperial-kids-137A\" srcset=\"https:\/\/kopimanija.lt\/ru\/wp-content\/uploads\/sites\/4\/2021\/07\/kopimanija-imperial-kids-137A-712x800.jpg 712w, https:\/\/kopimanija.lt\/ru\/wp-content\/uploads\/sites\/4\/2021\/07\/kopimanija-imperial-kids-137A-600x674.jpg 600w, https:\/\/kopimanija.lt\/ru\/wp-content\/uploads\/sites\/4\/2021\/07\/kopimanija-imperial-kids-137A-356x400.jpg 356w, https:\/\/kopimanija.lt\/ru\/wp-content\/uploads\/sites\/4\/2021\/07\/kopimanija-imperial-kids-137A-768x863.jpg 768w, https:\/\/kopimanija.lt\/ru\/wp-content\/uploads\/sites\/4\/2021\/07\/kopimanija-imperial-kids-137A-1368x1536.jpg 1368w, https:\/\/kopimanija.lt\/ru\/wp-content\/uploads\/sites\/4\/2021\/07\/kopimanija-imperial-kids-137A-1823x2048.jpg 1823w, https:\/\/kopimanija.lt\/ru\/wp-content\/uploads\/sites\/4\/2021\/07\/kopimanija-imperial-kids-137A.jpg 1900w\" sizes=\"auto, (max-width: 712px) 100vw, 712px\" \/>\t\t\t\t\t\t\n\t\t\t\t\t<\/div>\n\t\t\t\t\t\t<\/a>\t\t\n<style>\n#image_60522092 {\n  width: 100%;\n}\n@media (min-width:550px) {\n  #image_60522092 {\n    width: 100%;\n  }\n}\n@media (min-width:850px) {\n  #image_60522092 {\n    width: 100%;\n  }\n}\n<\/style>\n\t<\/div>\n\t\n\n\t<div id=\"text-4253500912\" class=\"text\">\n\t\t\n\n<p><strong>KOKYB\u0116 &#8212; 190 D\u017dERSIS &#8212; 100% pusiau \u0161ukuotin\u0117 medviln\u0117. Dyd\u017eiai: 2-12 met\u0173<\/strong><\/p>\n\t\t\n<style>\n#text-4253500912 {\n  font-size: 0.75rem;\n  line-height: 1.25;\n  text-align: center;\n}\n@media (min-width:550px) {\n  #text-4253500912 {\n    font-size: 0.85rem;\n    line-height: 1.25;\n  }\n}\n<\/style>\n\t<\/div>\n\t\n\n\t\t<\/div>\n\t\t\t\t\t<\/div>\n\n\t\n\n\t<div id=\"col-462797201\" class=\"col medium-3 small-6 large-3\"  >\n\t\t\t\t<div class=\"col-inner box-shadow-1-hover\"  >\n\t\t\t\n\t\t\t\n\n\t<div id=\"text-3427201308\" class=\"text\">\n\t\t\n\n<h3 class=\"thin-font\"><span style=\"font-size: 90%;\"><strong>\u00abRegent\u00bb kids<\/strong><\/span><\/h3>\n\t\t\n<style>\n#text-3427201308 {\n  font-size: 1rem;\n  line-height: 0.75;\n  text-align: center;\n}\n@media (min-width:850px) {\n  #text-3427201308 {\n    font-size: 1rem;\n    line-height: 1;\n    text-align: center;\n  }\n}\n<\/style>\n\t<\/div>\n\t\n\t<div class=\"img has-hover x md-x lg-x y md-y lg-y\" id=\"image_488192897\">\n\t\t<a class=\"\" href=\"https:\/\/kopimanija.lt\/ru\/product\/regent-kids-kopimanija-ru\/\" >\t\t\t\t\t\t<div class=\"img-inner image-cover dark\" style=\"padding-top:330px;\">\n\t\t\t<img loading=\"lazy\" decoding=\"async\" width=\"711\" height=\"800\" src=\"https:\/\/kopimanija.lt\/ru\/wp-content\/uploads\/sites\/4\/2021\/07\/kopimanija-regent-kids-300A-711x800.jpg\" class=\"attachment-large size-large\" alt=\"kopimanija-regent-kids-300A\" srcset=\"https:\/\/kopimanija.lt\/ru\/wp-content\/uploads\/sites\/4\/2021\/07\/kopimanija-regent-kids-300A-711x800.jpg 711w, https:\/\/kopimanija.lt\/ru\/wp-content\/uploads\/sites\/4\/2021\/07\/kopimanija-regent-kids-300A-600x675.jpg 600w, https:\/\/kopimanija.lt\/ru\/wp-content\/uploads\/sites\/4\/2021\/07\/kopimanija-regent-kids-300A-355x400.jpg 355w, https:\/\/kopimanija.lt\/ru\/wp-content\/uploads\/sites\/4\/2021\/07\/kopimanija-regent-kids-300A-768x864.jpg 768w, https:\/\/kopimanija.lt\/ru\/wp-content\/uploads\/sites\/4\/2021\/07\/kopimanija-regent-kids-300A-1365x1536.jpg 1365w, https:\/\/kopimanija.lt\/ru\/wp-content\/uploads\/sites\/4\/2021\/07\/kopimanija-regent-kids-300A-1820x2048.jpg 1820w, https:\/\/kopimanija.lt\/ru\/wp-content\/uploads\/sites\/4\/2021\/07\/kopimanija-regent-kids-300A.jpg 1900w\" sizes=\"auto, (max-width: 711px) 100vw, 711px\" \/>\t\t\t\t\t\t\n\t\t\t\t\t<\/div>\n\t\t\t\t\t\t<\/a>\t\t\n<style>\n#image_488192897 {\n  width: 100%;\n}\n@media (min-width:550px) {\n  #image_488192897 {\n    width: 100%;\n  }\n}\n@media (min-width:850px) {\n  #image_488192897 {\n    width: 100%;\n  }\n}\n<\/style>\n\t<\/div>\n\t\n\n\t<div id=\"text-589610825\" class=\"text\">\n\t\t\n\n<p><strong>KOKYB\u0116 &#8212; 150 D\u017dERSIS &#8212; 100% pusiau \u0161ukuotin\u0117 medviln\u0117. Dyd\u017eiai: 2-12 met\u0173<\/strong><\/p>\n\t\t\n<style>\n#text-589610825 {\n  font-size: 0.75rem;\n  line-height: 1.25;\n  text-align: center;\n}\n@media (min-width:550px) {\n  #text-589610825 {\n    font-size: 0.85rem;\n    line-height: 1.25;\n  }\n}\n<\/style>\n\t<\/div>\n\t\n\n\t\t<\/div>\n\t\t\t\t\t<\/div>\n\n\t\n\n\t<div id=\"col-1639936975\" class=\"col medium-3 small-6 large-3\"  >\n\t\t\t\t<div class=\"col-inner box-shadow-1-hover\"  >\n\t\t\t\n\t\t\t\n\n\t<div id=\"text-2873823376\" class=\"text\">\n\t\t\n\n<h3 class=\"thin-font\"><span style=\"font-size: 90%;\"><strong>\u00abImperial\u00bb lsl kids<\/strong><\/span><\/h3>\n\t\t\n<style>\n#text-2873823376 {\n  font-size: 1rem;\n  line-height: 0.75;\n  text-align: center;\n}\n@media (min-width:850px) {\n  #text-2873823376 {\n    font-size: 1rem;\n    line-height: 1;\n    text-align: center;\n  }\n}\n<\/style>\n\t<\/div>\n\t\n\t<div class=\"img has-hover x md-x lg-x y md-y lg-y\" id=\"image_813959871\">\n\t\t<a class=\"\" href=\"https:\/\/kopimanija.lt\/ru\/product\/imperial-lsl-kids-kopimanija-ru\/\" >\t\t\t\t\t\t<div class=\"img-inner image-cover dark\" style=\"padding-top:330px;\">\n\t\t\t<img loading=\"lazy\" decoding=\"async\" width=\"715\" height=\"800\" src=\"https:\/\/kopimanija.lt\/ru\/wp-content\/uploads\/sites\/4\/2021\/07\/kopimanija-LSL-kids-319A-715x800.jpg\" class=\"attachment-large size-large\" alt=\"kopimanija-LSL-kids-319A\" srcset=\"https:\/\/kopimanija.lt\/ru\/wp-content\/uploads\/sites\/4\/2021\/07\/kopimanija-LSL-kids-319A-715x800.jpg 715w, https:\/\/kopimanija.lt\/ru\/wp-content\/uploads\/sites\/4\/2021\/07\/kopimanija-LSL-kids-319A-600x671.jpg 600w, https:\/\/kopimanija.lt\/ru\/wp-content\/uploads\/sites\/4\/2021\/07\/kopimanija-LSL-kids-319A-357x400.jpg 357w, https:\/\/kopimanija.lt\/ru\/wp-content\/uploads\/sites\/4\/2021\/07\/kopimanija-LSL-kids-319A-768x859.jpg 768w, https:\/\/kopimanija.lt\/ru\/wp-content\/uploads\/sites\/4\/2021\/07\/kopimanija-LSL-kids-319A-1373x1536.jpg 1373w, https:\/\/kopimanija.lt\/ru\/wp-content\/uploads\/sites\/4\/2021\/07\/kopimanija-LSL-kids-319A-1830x2048.jpg 1830w, https:\/\/kopimanija.lt\/ru\/wp-content\/uploads\/sites\/4\/2021\/07\/kopimanija-LSL-kids-319A.jpg 1900w\" sizes=\"auto, (max-width: 715px) 100vw, 715px\" \/>\t\t\t\t\t\t\n\t\t\t\t\t<\/div>\n\t\t\t\t\t\t<\/a>\t\t\n<style>\n#image_813959871 {\n  width: 100%;\n}\n@media (min-width:550px) {\n  #image_813959871 {\n    width: 100%;\n  }\n}\n@media (min-width:850px) {\n  #image_813959871 {\n    width: 100%;\n  }\n}\n<\/style>\n\t<\/div>\n\t\n\n\t<div id=\"text-1367187484\" class=\"text\">\n\t\t\n\n<p><strong>KOKYB\u0116 &#8212; 190 D\u017dERSIS &#8212; 100% pusiau \u0161ukuotin\u0117 medviln\u0117. Dyd\u017eiai: 4-12 met\u0173<\/strong><\/p>\n\t\t\n<style>\n#text-1367187484 {\n  font-size: 0.75rem;\n  line-height: 1.25;\n  text-align: center;\n}\n@media (min-width:550px) {\n  #text-1367187484 {\n    font-size: 0.85rem;\n    line-height: 1.25;\n  }\n}\n<\/style>\n\t<\/div>\n\t\n\n\t\t<\/div>\n\t\t\t\t\t<\/div>\n\n\t\n\n<\/div>\n<div class=\"row row-small\"  id=\"row-1575397388\">\n\n\n\t<div id=\"col-1957089621\" class=\"col medium-3 small-6 large-3\"  >\n\t\t\t\t<div class=\"col-inner box-shadow-1-hover\"  >\n\t\t\t\n\t\t\t\n\n\t<div id=\"text-2580686644\" class=\"text\">\n\t\t\n\n<h3 class=\"thin-font\"><span style=\"font-size: 90%;\"><strong>\u00abSlam\u00bb kids<\/strong><\/span><\/h3>\n\t\t\n<style>\n#text-2580686644 {\n  font-size: 1rem;\n  line-height: 0.75;\n  text-align: center;\n}\n@media (min-width:850px) {\n  #text-2580686644 {\n    font-size: 1rem;\n    line-height: 1;\n    text-align: center;\n  }\n}\n<\/style>\n\t<\/div>\n\t\n\t<div class=\"img has-hover x md-x lg-x y md-y lg-y\" id=\"image_2075682508\">\n\t\t<a class=\"\" href=\"https:\/\/kopimanija.lt\/ru\/product\/slam-kids-kopimanija-ru\/\" >\t\t\t\t\t\t<div class=\"img-inner image-cover dark\" style=\"padding-top:330px;\">\n\t\t\t<img loading=\"lazy\" decoding=\"async\" width=\"716\" height=\"800\" src=\"https:\/\/kopimanija.lt\/ru\/wp-content\/uploads\/sites\/4\/2021\/07\/kopimanija-slam-kids-220A-716x800.jpg\" class=\"attachment-large size-large\" alt=\"kopimanija-slam-kids-220A\" srcset=\"https:\/\/kopimanija.lt\/ru\/wp-content\/uploads\/sites\/4\/2021\/07\/kopimanija-slam-kids-220A-716x800.jpg 716w, https:\/\/kopimanija.lt\/ru\/wp-content\/uploads\/sites\/4\/2021\/07\/kopimanija-slam-kids-220A-600x670.jpg 600w, https:\/\/kopimanija.lt\/ru\/wp-content\/uploads\/sites\/4\/2021\/07\/kopimanija-slam-kids-220A-358x400.jpg 358w, https:\/\/kopimanija.lt\/ru\/wp-content\/uploads\/sites\/4\/2021\/07\/kopimanija-slam-kids-220A-768x858.jpg 768w, https:\/\/kopimanija.lt\/ru\/wp-content\/uploads\/sites\/4\/2021\/07\/kopimanija-slam-kids-220A-1375x1536.jpg 1375w, https:\/\/kopimanija.lt\/ru\/wp-content\/uploads\/sites\/4\/2021\/07\/kopimanija-slam-kids-220A-1834x2048.jpg 1834w, https:\/\/kopimanija.lt\/ru\/wp-content\/uploads\/sites\/4\/2021\/07\/kopimanija-slam-kids-220A.jpg 1900w\" sizes=\"auto, (max-width: 716px) 100vw, 716px\" \/>\t\t\t\t\t\t\n\t\t\t\t\t<\/div>\n\t\t\t\t\t\t<\/a>\t\t\n<style>\n#image_2075682508 {\n  width: 93%;\n}\n@media (min-width:550px) {\n  #image_2075682508 {\n    width: 93%;\n  }\n}\n@media (min-width:850px) {\n  #image_2075682508 {\n    width: 93%;\n  }\n}\n<\/style>\n\t<\/div>\n\t\n\n\t<div id=\"text-867150816\" class=\"text\">\n\t\t\n\n<p><strong>KOKYB\u0116 &#8212; 280 \u0160IAU\u0160TAS TRIKOTA\u017dAS &#8212; 50% medviln\u0117 &#8212; 50% poliesteris. Dyd\u017eiai: 4-12 met\u0173<\/strong><\/p>\n\t\t\n<style>\n#text-867150816 {\n  font-size: 0.75rem;\n  line-height: 1.25;\n  text-align: center;\n}\n@media (min-width:550px) {\n  #text-867150816 {\n    font-size: 0.85rem;\n    line-height: 1.25;\n  }\n}\n<\/style>\n\t<\/div>\n\t\n\n\t\t<\/div>\n\t\t\t\t\t<\/div>\n\n\t\n\n\t<div id=\"col-723966745\" class=\"col medium-3 small-6 large-3\"  >\n\t\t\t\t<div class=\"col-inner box-shadow-1-hover\"  >\n\t\t\t\n\t\t\t\n\n\t<div id=\"text-1815775448\" class=\"text\">\n\t\t\n\n<h3 class=\"thin-font\"><span style=\"font-size: 90%;\"><strong>\u00abNew Supreme\u00bb kids<\/strong><\/span><\/h3>\n\t\t\n<style>\n#text-1815775448 {\n  font-size: 1rem;\n  line-height: 0.75;\n  text-align: center;\n}\n@media (min-width:850px) {\n  #text-1815775448 {\n    font-size: 1rem;\n    line-height: 1;\n    text-align: center;\n  }\n}\n<\/style>\n\t<\/div>\n\t\n\t<div class=\"img has-hover x md-x lg-x y md-y lg-y\" id=\"image_1505556231\">\n\t\t<a class=\"\" href=\"https:\/\/kopimanija.lt\/ru\/product\/new-supreme-kids-kopimanija-ru\/\" >\t\t\t\t\t\t<div class=\"img-inner image-cover dark\" style=\"padding-top:330px;\">\n\t\t\t<img loading=\"lazy\" decoding=\"async\" width=\"709\" height=\"800\" src=\"https:\/\/kopimanija.lt\/ru\/wp-content\/uploads\/sites\/4\/2021\/07\/kopimanija-new-supreme-kids-350A-709x800.jpg\" class=\"attachment-large size-large\" alt=\"kopimanija-new-supreme-kids-350A\" srcset=\"https:\/\/kopimanija.lt\/ru\/wp-content\/uploads\/sites\/4\/2021\/07\/kopimanija-new-supreme-kids-350A-709x800.jpg 709w, https:\/\/kopimanija.lt\/ru\/wp-content\/uploads\/sites\/4\/2021\/07\/kopimanija-new-supreme-kids-350A-600x677.jpg 600w, https:\/\/kopimanija.lt\/ru\/wp-content\/uploads\/sites\/4\/2021\/07\/kopimanija-new-supreme-kids-350A-355x400.jpg 355w, https:\/\/kopimanija.lt\/ru\/wp-content\/uploads\/sites\/4\/2021\/07\/kopimanija-new-supreme-kids-350A-768x866.jpg 768w, https:\/\/kopimanija.lt\/ru\/wp-content\/uploads\/sites\/4\/2021\/07\/kopimanija-new-supreme-kids-350A-1362x1536.jpg 1362w, https:\/\/kopimanija.lt\/ru\/wp-content\/uploads\/sites\/4\/2021\/07\/kopimanija-new-supreme-kids-350A-1816x2048.jpg 1816w, https:\/\/kopimanija.lt\/ru\/wp-content\/uploads\/sites\/4\/2021\/07\/kopimanija-new-supreme-kids-350A.jpg 1900w\" sizes=\"auto, (max-width: 709px) 100vw, 709px\" \/>\t\t\t\t\t\t\n\t\t\t\t\t<\/div>\n\t\t\t\t\t\t<\/a>\t\t\n<style>\n#image_1505556231 {\n  width: 100%;\n}\n@media (min-width:550px) {\n  #image_1505556231 {\n    width: 100%;\n  }\n}\n@media (min-width:850px) {\n  #image_1505556231 {\n    width: 100%;\n  }\n}\n<\/style>\n\t<\/div>\n\t\n\n\t<div id=\"text-2210214662\" class=\"text\">\n\t\t\n\n<p><strong>KOKYB\u0116 &#8212; 280 \u0160IAU\u0160TAS TRIKOTA\u017dAS &#8212; 50% medviln\u0117 &#8212; 50% poliesteris. Dyd\u017eiai: 4-12 met\u0173<\/strong><\/p>\n\t\t\n<style>\n#text-2210214662 {\n  font-size: 0.75rem;\n  line-height: 1.25;\n  text-align: center;\n}\n@media (min-width:550px) {\n  #text-2210214662 {\n    font-size: 0.85rem;\n    line-height: 1.25;\n  }\n}\n<\/style>\n\t<\/div>\n\t\n\n\t\t<\/div>\n\t\t\t\t\t<\/div>\n\n\t\n\n\t<div id=\"col-17000850\" class=\"col medium-3 small-6 large-3\"  >\n\t\t\t\t<div class=\"col-inner box-shadow-1-hover\"  >\n\t\t\t\n\t\t\t\n\n\t<div id=\"text-2959987141\" class=\"text\">\n\t\t\n\n<h3 class=\"thin-font\"><span style=\"font-size: 90%;\"><strong>\u00abSunny\u00bb kids<\/strong><\/span><\/h3>\n\t\t\n<style>\n#text-2959987141 {\n  font-size: 1rem;\n  line-height: 0.75;\n  text-align: center;\n}\n@media (min-width:850px) {\n  #text-2959987141 {\n    font-size: 1rem;\n    line-height: 1;\n    text-align: center;\n  }\n}\n<\/style>\n\t<\/div>\n\t\n\t<div class=\"img has-hover x md-x lg-x y md-y lg-y\" id=\"image_753536025\">\n\t\t<a class=\"\" href=\"https:\/\/kopimanija.lt\/ru\/product\/sunny-kids-kopimanija-ru\/\" >\t\t\t\t\t\t<div class=\"img-inner image-cover dark\" style=\"padding-top:330px;\">\n\t\t\t<img loading=\"lazy\" decoding=\"async\" width=\"1020\" height=\"630\" src=\"https:\/\/kopimanija.lt\/ru\/wp-content\/uploads\/sites\/4\/2021\/07\/kopimanija-sunny-kids-312A-1295x800.jpg\" class=\"attachment-large size-large\" alt=\"kopimanija-sunny-kids-312A\" srcset=\"https:\/\/kopimanija.lt\/ru\/wp-content\/uploads\/sites\/4\/2021\/07\/kopimanija-sunny-kids-312A-1295x800.jpg 1295w, https:\/\/kopimanija.lt\/ru\/wp-content\/uploads\/sites\/4\/2021\/07\/kopimanija-sunny-kids-312A-600x371.jpg 600w, https:\/\/kopimanija.lt\/ru\/wp-content\/uploads\/sites\/4\/2021\/07\/kopimanija-sunny-kids-312A-647x400.jpg 647w, https:\/\/kopimanija.lt\/ru\/wp-content\/uploads\/sites\/4\/2021\/07\/kopimanija-sunny-kids-312A-768x475.jpg 768w, https:\/\/kopimanija.lt\/ru\/wp-content\/uploads\/sites\/4\/2021\/07\/kopimanija-sunny-kids-312A-1536x949.jpg 1536w, https:\/\/kopimanija.lt\/ru\/wp-content\/uploads\/sites\/4\/2021\/07\/kopimanija-sunny-kids-312A.jpg 1900w\" sizes=\"auto, (max-width: 1020px) 100vw, 1020px\" \/>\t\t\t\t\t\t\n\t\t\t\t\t<\/div>\n\t\t\t\t\t\t<\/a>\t\t\n<style>\n#image_753536025 {\n  width: 100%;\n}\n@media (min-width:550px) {\n  #image_753536025 {\n    width: 100%;\n  }\n}\n@media (min-width:850px) {\n  #image_753536025 {\n    width: 100%;\n  }\n}\n<\/style>\n\t<\/div>\n\t\n\n\t<div id=\"text-849097476\" class=\"text\">\n\t\t\n\n<p><strong>KOKYB\u0116 &#8212; 100% lengvai \u0161iau\u0161ta medviln\u0117 -180 g\/m2 &#8212; Suformuotas snapelis &#8212; 4 apsiuvin\u0117ti ventiliaciniai\nply\u0161eliai &#8212; u\u017esegimas reguliuojamas lipnia juostele.<\/strong><\/p>\n\t\t\n<style>\n#text-849097476 {\n  font-size: 0.75rem;\n  line-height: 1.25;\n  text-align: center;\n}\n@media (min-width:550px) {\n  #text-849097476 {\n    font-size: 0.85rem;\n    line-height: 1.25;\n  }\n}\n<\/style>\n\t<\/div>\n\t\n\n\t\t<\/div>\n\t\t\t\t\t<\/div>\n\n\t\n\n<\/div>\n\n","protected":false},"excerpt":{"rendered":"","protected":false},"author":1,"featured_media":0,"parent":3200,"menu_order":0,"comment_status":"closed","ping_status":"closed","template":"","meta":{"footnotes":""},"class_list":["post-3336","page","type-page","status-publish","hentry"],"_links":{"self":[{"href":"https:\/\/kopimanija.lt\/ru\/wp-json\/wp\/v2\/pages\/3336","targetHints":{"allow":["GET"]}}],"collection":[{"href":"https:\/\/kopimanija.lt\/ru\/wp-json\/wp\/v2\/pages"}],"about":[{"href":"https:\/\/kopimanija.lt\/ru\/wp-json\/wp\/v2\/types\/page"}],"author":[{"embeddable":true,"href":"https:\/\/kopimanija.lt\/ru\/wp-json\/wp\/v2\/users\/1"}],"replies":[{"embeddable":true,"href":"https:\/\/kopimanija.lt\/ru\/wp-json\/wp\/v2\/comments?post=3336"}],"version-history":[{"count":0,"href":"https:\/\/kopimanija.lt\/ru\/wp-json\/wp\/v2\/pages\/3336\/revisions"}],"up":[{"embeddable":true,"href":"https:\/\/kopimanija.lt\/ru\/wp-json\/wp\/v2\/pages\/3200"}],"wp:attachment":[{"href":"https:\/\/kopimanija.lt\/ru\/wp-json\/wp\/v2\/media?parent=3336"}],"curies":[{"name":"wp","href":"https:\/\/api.w.org\/{rel}","templated":true}]}}